{"id":409,"date":"2020-04-09T17:32:16","date_gmt":"2020-04-09T15:32:16","guid":{"rendered":"http:\/\/changetolead.com\/?page_id=409"},"modified":"2020-04-16T10:52:22","modified_gmt":"2020-04-16T08:52:22","slug":"impressum","status":"publish","type":"page","link":"https:\/\/changetolead.com\/en\/impressum","title":{"rendered":"Legal notice"},"content":{"rendered":"<div data-elementor-type=\"wp-post\" data-elementor-id=\"409\" class=\"elementor elementor-409\">\n\t\t\t\t\t\t<div class=\"elementor-inner\">\n\t\t\t\t<div class=\"elementor-section-wrap\">\n\t\t\t\t\t\t\t\t\t<section class=\"elementor-section elementor-top-section elementor-element elementor-element-4fb4254 elementor-section-height-min-height elementor-section-boxed elementor-section-height-default elementor-section-items-middle\" data-id=\"4fb4254\" data-element_type=\"section\" id=\"Impressum\" data-settings=\"{&quot;background_background&quot;:&quot;classic&quot;}\">\n\t\t\t\t\t\t\t<div class=\"elementor-background-overlay\"><\/div>\n\t\t\t\t\t\t\t<div class=\"elementor-container elementor-column-gap-default\">\n\t\t\t\t\t\t\t<div class=\"elementor-row\">\n\t\t\t\t\t<div class=\"elementor-column elementor-col-100 elementor-top-column elementor-element elementor-element-522636e\" data-id=\"522636e\" data-element_type=\"column\">\n\t\t\t<div class=\"elementor-column-wrap elementor-element-populated\">\n\t\t\t\t\t\t\t<div class=\"elementor-widget-wrap\">\n\t\t\t\t\t\t<div class=\"elementor-element elementor-element-6d45b0b animated-fast elementor-align-left elementor-invisible elementor-widget elementor-widget-raven-heading\" data-id=\"6d45b0b\" data-element_type=\"widget\" data-settings=\"{&quot;_animation&quot;:&quot;fadeInUp&quot;}\" data-widget_type=\"raven-heading.default\">\n\t\t\t\t<div class=\"elementor-widget-container\">\n\t\t\t\t\t<div class=\"raven-widget-wrapper\"><h1 class=\"raven-heading raven-heading-h1\"><span class=\"raven-heading-title\">Legal notice<\/span><\/h1><\/div>\n\t\t\t\t<\/div>\n\t\t\t\t<\/div>\n\t\t\t\t<div class=\"elementor-element elementor-element-abe4f26 elementor-widget-divider--view-line elementor-invisible elementor-widget elementor-widget-divider\" data-id=\"abe4f26\" data-element_type=\"widget\" data-settings=\"{&quot;_animation&quot;:&quot;fadeInUp&quot;}\" data-widget_type=\"divider.default\">\n\t\t\t\t<div class=\"elementor-widget-container\">\n\t\t\t\t\t<div class=\"elementor-divider\">\n\t\t\t<span class=\"elementor-divider-separator\">\n\t\t\t\t\t\t<\/span>\n\t\t<\/div>\n\t\t\t\t<\/div>\n\t\t\t\t<\/div>\n\t\t\t\t<div class=\"elementor-element elementor-element-4d29028 elementor-invisible elementor-widget elementor-widget-text-editor\" data-id=\"4d29028\" data-element_type=\"widget\" data-settings=\"{&quot;_animation&quot;:&quot;fadeInUp&quot;}\" data-widget_type=\"text-editor.default\">\n\t\t\t\t<div class=\"elementor-widget-container\">\n\t\t\t\t\t\t\t\t<div class=\"elementor-text-editor elementor-clearfix\">\n\t\t\t\t\t\t\t\t\t<\/div>\n\t\t\t\t\t\t<\/div>\n\t\t\t\t<\/div>\n\t\t\t\t\t\t<\/div>\n\t\t\t\t\t<\/div>\n\t\t<\/div>\n\t\t\t\t\t\t\t\t<\/div>\n\t\t\t\t\t<\/div>\n\t\t<\/section>\n\t\t\t\t<section class=\"elementor-section elementor-top-section elementor-element elementor-element-3eef454 elementor-section-boxed elementor-section-height-default elementor-section-height-default\" data-id=\"3eef454\" data-element_type=\"section\" data-settings=\"{&quot;background_background&quot;:&quot;classic&quot;}\">\n\t\t\t\t\t\t<div class=\"elementor-container elementor-column-gap-default\">\n\t\t\t\t\t\t\t<div class=\"elementor-row\">\n\t\t\t\t\t<div class=\"elementor-column elementor-col-100 elementor-top-column elementor-element elementor-element-895447d\" data-id=\"895447d\" data-element_type=\"column\">\n\t\t\t<div class=\"elementor-column-wrap elementor-element-populated\">\n\t\t\t\t\t\t\t<div class=\"elementor-widget-wrap\">\n\t\t\t\t\t\t<div class=\"elementor-element elementor-element-9e96cbe elementor-widget elementor-widget-text-editor\" data-id=\"9e96cbe\" data-element_type=\"widget\" data-widget_type=\"text-editor.default\">\n\t\t\t\t<div class=\"elementor-widget-container\">\n\t\t\t\t\t\t\t\t<div class=\"elementor-text-editor elementor-clearfix\">\n\t\t\t\t<p><strong>Inhaltlich Verantwortlicher<\/strong><\/p><p>Changetolead GmbH<br \/>Dorfstrasse 25<br \/>8305 Dietlikon<br \/>+41 76 512 03 31<br \/>cc@changetolead.com<br \/>www.changetolead.com<\/p><p>\u00a0<\/p><p><strong>Haftungsbeschr\u00e4nkung<br \/><\/strong>Die Inhalte dieser Website werden mit gr\u00f6sstm\u00f6glicher Sorgfalt erstellt. Der Anbieter \u00fcbernimmt jedoch keine Gew\u00e4hr f\u00fcr die Richtigkeit, Vollst\u00e4ndigkeit und Aktualit\u00e4t der bereitgestellten Inhalte. Die Nutzung der Inhalte der Website erfolgt auf eigene Gefahr des Nutzers. Namentlich gekennzeichnete Beitr\u00e4ge geben die Meinung des jeweiligen Autors und nicht immer die Meinung des Anbieters wider. Mit der reinen Nutzung der Website des Anbieters kommt keinerlei Vertragsverh\u00e4ltnis zwischen dem Nutzer und dem Anbieter zustande.<\/p><p><strong>Inhalte Dritter<br \/><\/strong>Es kann vorkommen, dass innerhalb dieser Website Inhalte Dritter, wie zum Beispiel Karten von Google Maps, Videos von YouTube oder Grafiken von anderen Websites eingebunden werden. Dies setzt immer voraus, dass die Dritt-Anbieter die IP-Adresse der Nutzer zur Auslieferung und Darstellung der angefragten Inhalte kennen.<br \/>Wenn m\u00f6glich werden nur solche Inhalte verwendet, deren jeweilige Dritt-Anbieter die IP-Adresse lediglich zur Auslieferung der Inhalte verwenden. \u00dcber die Speicherung der IP-Adresse durch Dritt-Anbieter beispielsweise f\u00fcr statistische Zwecke kann jedoch keinen Einfluss genommen werden. Soweit dies uns bekannt ist, kl\u00e4ren wir die Nutzer dar\u00fcber auf.<br \/>F\u00fcr Angebote Dritter, auf welche auf dieser Website mittels Links verwiesen wird, kann keine Gew\u00e4hr f\u00fcr die Einhaltung der Datenschutzbestimmungen \u00fcbernommen werden.<\/p><p><strong>Datenschutz<br \/><\/strong>Die Betreiber dieser Website nehmen den Schutz Ihrer pers\u00f6nlichen Daten sehr ernst und behandeln personenbezogene Daten vertraulich und entsprechend der gesetzlichen Datenschutzvorschriften sowie dieser Datenschutzerkl\u00e4rung.<br \/>Jeder Zugriff auf diese Website und jeder Abruf einer auf der Website hinterlegten Datei werden protokolliert. Die Speicherung dient nur f\u00fcr interne, statistische Auswertungen zum Zweck des Betriebs und der Sicherheit. Protokolliert werden: Name der abgerufenen Webseite und Datei, Datum und Uhrzeit des Abrufs, \u00fcbertragene Datenmenge, Meldung \u00fcber erfolgreichen Abruf, Betriebssystem, Browser, anfragende Domain und die IP-Adresse des anfragenden Computers oder Netzwerks. Diese Daten werden maximal 12 Monate gespeichert und anschliessend komplett gel\u00f6scht.<br \/>Weitergehende personenbezogene Daten werden nur erfasst, wenn diese Angaben freiwillig etwa im Rahmen eines Kontaktformulars, einer Anfrage oder Registrierung gemacht werden. Die vom Benutzer \u00fcbermittelten Personendaten werden nicht an Dritte weitergegeben und lediglich f\u00fcr den jeweils angegebenen Zweck benutzt, gespeichert und anschliessend gel\u00f6scht.<br \/>Der Anbieter weist ausdr\u00fccklich darauf hin, dass die Daten\u00fcbertragung im Internet (z.B. bei der Kommunikation per E-Mail) Sicherheitsl\u00fccken aufweisen und nicht l\u00fcckenlos vor dem Zugriff durch Dritte gesch\u00fctzt werden kann.<\/p><p><strong>Urheber- und Leistungsschutzrechte<br \/><\/strong>Die auf dieser Website ver\u00f6ffentlichten Inhalte unterliegen dem Schweizer Urheber- und Leistungsschutzrecht. Jede vom Schweizer Urheber- und Leistungsschutzrecht nicht zugelassene Verwertung bedarf der vorherigen schriftlichen Zustimmung des Anbieters oder jeweiligen Rechteinhabers. Dies gilt insbesondere f\u00fcr Vervielf\u00e4ltigung, Bearbeitung, \u00dcbersetzung, Einspeicherung, Verarbeitung bzw. Wiedergabe von Inhalten in Datenbanken oder anderen elektronischen Medien und Systemen. Inhalte und Rechte Dritter sind dabei als solche gekennzeichnet. Die unerlaubte Vervielf\u00e4ltigung oder Weitergabe einzelner Inhalte oder kompletter Seiten ist nicht gestattet und strafbar. Lediglich die Herstellung von Kopien und Downloads f\u00fcr den pers\u00f6nlichen, privaten und nicht kommerziellen Gebrauch ist erlaubt. Die Darstellung dieser Website in fremden Frames ist nur mit schriftlicher Erlaubnis zul\u00e4ssig.<\/p><p><strong>Besondere Nutzungsbedingungen<br \/><\/strong>Soweit besondere Bedingungen f\u00fcr einzelne Nutzungen dieser Website von den vorgenannten Ausf\u00fchrungen abweichen, wird an entsprechender Stelle ausdr\u00fccklich darauf hingewiesen. In diesem Falle gelten im jeweiligen Einzelfall die besonderen Nutzungsbedingungen.<\/p><p><strong>Bildnachweis<\/strong><br \/>Soweit nicht anders ausgewiesen, liegen die Bildrechte, der auf dieser Webseite verwendeten Fotografien, bei changetolead .<\/p>\t\t\t\t\t<\/div>\n\t\t\t\t\t\t<\/div>\n\t\t\t\t<\/div>\n\t\t\t\t\t\t<\/div>\n\t\t\t\t\t<\/div>\n\t\t<\/div>\n\t\t\t\t\t\t\t\t<\/div>\n\t\t\t\t\t<\/div>\n\t\t<\/section>\n\t\t\t\t\t\t\t\t\t<\/div>\n\t\t\t<\/div>\n\t\t\t\t\t<\/div>","protected":false},"excerpt":{"rendered":"<p>Impressum Inhaltlich Verantwortlicher Changetolead GmbHDorfstrasse 258305 Dietlikon+41 76 512 03 31cc@changetolead.comwww.changetolead.com \u00a0 Haftungsbeschr\u00e4nkungDie Inhalte dieser Website werden mit gr\u00f6sstm\u00f6glicher Sorgfalt erstellt. Der Anbieter \u00fcbernimmt jedoch keine Gew\u00e4hr f\u00fcr die Richtigkeit, Vollst\u00e4ndigkeit und Aktualit\u00e4t der bereitgestellten Inhalte. Die Nutzung der Inhalte der Website erfolgt auf eigene Gefahr des Nutzers. Namentlich gekennzeichnete Beitr\u00e4ge geben die Meinung des [&hellip;]<\/p>","protected":false},"author":1,"featured_media":0,"parent":0,"menu_order":0,"comment_status":"closed","ping_status":"closed","template":"full-width.php","meta":[],"acf":[],"_links":{"self":[{"href":"https:\/\/changetolead.com\/en\/wp-json\/wp\/v2\/pages\/409"}],"collection":[{"href":"https:\/\/changetolead.com\/en\/wp-json\/wp\/v2\/pages"}],"about":[{"href":"https:\/\/changetolead.com\/en\/wp-json\/wp\/v2\/types\/page"}],"author":[{"embeddable":true,"href":"https:\/\/changetolead.com\/en\/wp-json\/wp\/v2\/users\/1"}],"replies":[{"embeddable":true,"href":"https:\/\/changetolead.com\/en\/wp-json\/wp\/v2\/comments?post=409"}],"version-history":[{"count":7,"href":"https:\/\/changetolead.com\/en\/wp-json\/wp\/v2\/pages\/409\/revisions"}],"predecessor-version":[{"id":433,"href":"https:\/\/changetolead.com\/en\/wp-json\/wp\/v2\/pages\/409\/revisions\/433"}],"wp:attachment":[{"href":"https:\/\/changetolead.com\/en\/wp-json\/wp\/v2\/media?parent=409"}],"curies":[{"name":"wp","href":"https:\/\/api.w.org\/{rel}","templated":true}]}}